{"id":66,"date":"2018-04-25T21:01:18","date_gmt":"2018-04-25T21:01:18","guid":{"rendered":"https:\/\/depositotortorella.com.br\/site\/?page_id=66"},"modified":"2018-04-25T21:06:28","modified_gmt":"2018-04-25T21:06:28","slug":"quem-somos","status":"publish","type":"page","link":"https:\/\/depositotortorella.com.br\/site\/quem-somos\/","title":{"rendered":"Quem Somos"},"content":{"rendered":"<p>[et_pb_section bb_built=&#8221;1&#8243; next_background_color=&#8221;#ffffff&#8221; _builder_version=&#8221;3.1.1&#8243; background_color=&#8221;#0d5e24&#8243; custom_padding=&#8221;15px||15px|&#8221;][et_pb_row][et_pb_column type=&#8221;4_4&#8243;][et_pb_text _builder_version=&#8221;3.1.1&#8243;]<\/p>\n<h1 style=\"text-align: center;\"><span style=\"color: #ffffff;\"><strong>Conhe\u00e7a o Dep\u00f3sito Tortorella<\/strong><\/span><\/h1>\n<p>[\/et_pb_text][\/et_pb_column][\/et_pb_row][\/et_pb_section][et_pb_section bb_built=&#8221;1&#8243; fullwidth=&#8221;off&#8221; specialty=&#8221;off&#8221; prev_background_color=&#8221;#0d5e24&#8243;][et_pb_row][et_pb_column type=&#8221;4_4&#8243;][et_pb_text _builder_version=&#8221;3.1.1&#8243;]<\/p>\n<div class=\"et_pb_module et_pb_text et_pb_text_1 et_pb_bg_layout_light et_pb_text_align_left\">\n<div class=\"et_pb_text_inner\">\n<p>O<strong> Dep\u00f3sito Tortorella Materiais para Constru\u00e7\u00e3o<\/strong> foi fundado em 1\u00ba de janeiro de 1.956 como Funilaria em nome de Nicolangelo Tortorella (in memorian). Em 1\u00ba de mar\u00e7o de 1.969 passa a Funilaria e Dep\u00f3sito de Materiais para Constru\u00e7\u00e3o e em 1\u00ba de agosto de 1.980 em Dep\u00f3sito de Materiais para Constru\u00e7\u00e3o Ltda.<\/p>\n<p>Hoje, nas novas instala\u00e7\u00f5es de nossa loja, voc\u00ea tem mais espa\u00e7o e conforto para fazer suas compras.<\/p>\n<p>No dia 1\u00ba de dezembro de 2006, inauguramos sua nova sede e instala\u00e7\u00f5es.<\/p>\n<\/div>\n<\/div>\n<p>[\/et_pb_text][et_pb_image _builder_version=&#8221;3.1.1&#8243; src=&#8221;https:\/\/depositotortorella.com.br\/site\/wp-content\/uploads\/2018\/04\/empresa.png&#8221; align=&#8221;center&#8221; \/][\/et_pb_column][\/et_pb_row][\/et_pb_section]<\/p>\n","protected":false},"excerpt":{"rendered":"<p><div class=\"et_pb_row et_pb_row_0 et_pb_row_empty\">\n\t\t\t\t\n\t\t\t\t\n\t\t\t\t\n\t\t\t\t\n\t\t\t\t\n\t\t\t<\/div> Conhe\u00e7a o Dep\u00f3sito Tortorella <div class=\"et_pb_row et_pb_row_1 et_pb_row_empty\">\n\t\t\t\t\n\t\t\t\t\n\t\t\t\t\n\t\t\t\t\n\t\t\t\t\n\t\t\t<\/div> O Dep\u00f3sito Tortorella Materiais para Constru\u00e7\u00e3o foi fundado em 1\u00ba de janeiro de 1.956 como Funilaria em nome de Nicolangelo Tortorella (in memorian). Em 1\u00ba de mar\u00e7o de 1.969 passa a Funilaria e Dep\u00f3sito de Materiais para Constru\u00e7\u00e3o e em 1\u00ba de agosto de 1.980 em Dep\u00f3sito de Materiais [&hellip;]<\/p>\n","protected":false},"author":1,"featured_media":0,"parent":0,"menu_order":0,"comment_status":"closed","ping_status":"closed","template":"","meta":{"_et_pb_use_builder":"on","_et_pb_old_content":"","_et_gb_content_width":"","footnotes":""},"class_list":["post-66","page","type-page","status-publish","hentry"],"_links":{"self":[{"href":"https:\/\/depositotortorella.com.br\/site\/wp-json\/wp\/v2\/pages\/66","targetHints":{"allow":["GET"]}}],"collection":[{"href":"https:\/\/depositotortorella.com.br\/site\/wp-json\/wp\/v2\/pages"}],"about":[{"href":"https:\/\/depositotortorella.com.br\/site\/wp-json\/wp\/v2\/types\/page"}],"author":[{"embeddable":true,"href":"https:\/\/depositotortorella.com.br\/site\/wp-json\/wp\/v2\/users\/1"}],"replies":[{"embeddable":true,"href":"https:\/\/depositotortorella.com.br\/site\/wp-json\/wp\/v2\/comments?post=66"}],"version-history":[{"count":4,"href":"https:\/\/depositotortorella.com.br\/site\/wp-json\/wp\/v2\/pages\/66\/revisions"}],"predecessor-version":[{"id":82,"href":"https:\/\/depositotortorella.com.br\/site\/wp-json\/wp\/v2\/pages\/66\/revisions\/82"}],"wp:attachment":[{"href":"https:\/\/depositotortorella.com.br\/site\/wp-json\/wp\/v2\/media?parent=66"}],"curies":[{"name":"wp","href":"https:\/\/api.w.org\/{rel}","templated":true}]}}