{"id":1349,"date":"2020-10-19T15:11:45","date_gmt":"2020-10-19T18:11:45","guid":{"rendered":"https:\/\/depositotortorella.com.br\/site\/?page_id=1349"},"modified":"2020-10-19T16:29:56","modified_gmt":"2020-10-19T19:29:56","slug":"politica-de-privacidade","status":"publish","type":"page","link":"https:\/\/depositotortorella.com.br\/site\/politica-de-privacidade\/","title":{"rendered":"Pol\u00edtica de Privacidade"},"content":{"rendered":"<p>O nosso compromisso \u00e9 proteger a privacidade dos clientes. Por isso, as informa\u00e7\u00f5es que voc\u00ea nos confia s\u00e3o utilizadas, exclusivamente, para facilitar a presta\u00e7\u00e3o de servi\u00e7os e personalizar o seu atendimento. N\u00e3o vendemos, alugamos ou compartilhamos seus dados com terceiros. Leia abaixo nossa Pol\u00edtica de Privacidade e entenda a maneira como coletamos seus dados, para que usaremos estas informa\u00e7\u00f5es e como voc\u00ea pode autorizar ou n\u00e3o o recebimento de material promocional.<\/p>\n<p>D\u00favidas e Sugest\u00f5es<\/p>\n<p>Coleta de informa\u00e7\u00f5es:\u00a0Os dados pessoais fornecidos por voc\u00ea s\u00e3o importantes para n\u00f3s porque \u00e9 uma maneira de conhec\u00ea-lo melhor e de oferecer a voc\u00ea servi\u00e7os, produtos e informa\u00e7\u00f5es direcionados. Essas informa\u00e7\u00f5es s\u00e3o armazenadas em nosso banco de dados possibilitando um melhor relacionamento com voc\u00ea atrav\u00e9s de e-mail, mala-direta, telemarketing, entre outros. As informa\u00e7\u00f5es s\u00e3o utilizadas somente por n\u00f3s e t\u00eam a finalidade de facilitar suas compras futuras e sua navega\u00e7\u00e3o pelo site. Durante a sua navega\u00e7\u00e3o pelo site, colheremos algumas informa\u00e7\u00f5es sobre sua navega\u00e7\u00e3o, como data da visita, endere\u00e7o IP e tipo de browser. Esses dados s\u00e3o importantes para a melhoria das funcionalidades do site e an\u00e1lises estat\u00edsticas. No processo de compra de qualquer produto, solicitaremos alguns dados pessoais (nome, endere\u00e7o, cidade, cep, cart\u00e3o de cr\u00e9dito, dentre outros) que s\u00e3o necess\u00e1rios para identificarmos quem voc\u00ea \u00e9 e podermos finalizar seu pedido. Em casos de compras com cart\u00e3o de cr\u00e9dito, algumas informa\u00e7\u00f5es poder\u00e3o ser confirmadas com as administradoras dos cart\u00f5es ou com o pr\u00f3prio titular do cart\u00e3o via telefone.<\/p>\n<p>Uso das Informa\u00e7\u00f5es:\u00a0N\u00f3s n\u00e3o divulgamos ou comercializamos seus dados pessoais. Entendemos que essas informa\u00e7\u00f5es foram fornecidas pela confian\u00e7a em nossa empresa e que, cabe a n\u00f3s, devolver a voc\u00ea o mesmo respeito. Suas informa\u00e7\u00f5es s\u00e3o utilizadas somente por n\u00f3s, e para uma variedade de finalidades como conferir o pedido, facilitar preenchimento de pedido, fazer an\u00e1lise de perfis e estat\u00edsticas, melhoria das opera\u00e7\u00f5es do site e envio de conte\u00fado, comunicados, materiais promocionais e informa\u00e7\u00f5es.<\/p>\n<p>Cadastro e Recebimento de material promocional:\u00a0O cadastro do seu e-mail ser\u00e1 utilizado para divulga\u00e7\u00e3o de informa\u00e7\u00f5es, promo\u00e7\u00f5es e lan\u00e7amentos, desde que autorizado por voc\u00ea. A qualquer momento, voc\u00ea poder\u00e1 optar por n\u00e3o receber mais estas informa\u00e7\u00f5es. Para isso, basta que envie um e-mail ou fa\u00e7a a altera\u00e7\u00e3o no \u201cminha conta\u201d. O cadastro n\u00e3o cria qualquer v\u00ednculo contratual com a empresa. Ele serve para que voc\u00ea possa acessar nossos servi\u00e7os especiais e tenha um tratamento diferenciado por n\u00f3s.<\/p>\n<p>Seguran\u00e7a:\u00a0Suas informa\u00e7\u00f5es s\u00e3o armazenadas em computadores seguros, a fim de que elas sejam mantidas inacess\u00edveis por outras pessoas.. Para que voc\u00ea tenha privacidade e seguran\u00e7a, n\u00e3o divulgue sua senha para terceiros. Para saber mais sobre seguran\u00e7a leia o o texto acima.<\/p>\n<p>Modifica\u00e7\u00f5es:\u00a0N\u00f3s no reservamos ao direito de alterar nossa Pol\u00edtica de Privacidade, caso haja necessidade, mas nos comprometemos a divulgar neste mesmo espa\u00e7o, qualquer mudan\u00e7a.<\/p>\n<p>D\u00favidas e Sugest\u00f5es:\u00a0Em caso de d\u00favidas ou sugest\u00f5es em rela\u00e7\u00e3o \u00e0 nossa Pol\u00edtica de Privacidade, por favor, entre em contato.<\/p>\n","protected":false},"excerpt":{"rendered":"<p>O nosso compromisso \u00e9 proteger a privacidade dos clientes. Por isso, as informa\u00e7\u00f5es que voc\u00ea nos confia s\u00e3o utilizadas, exclusivamente, para facilitar a presta\u00e7\u00e3o de servi\u00e7os e personalizar o seu atendimento. N\u00e3o vendemos, alugamos ou compartilhamos seus dados com terceiros. Leia abaixo nossa Pol\u00edtica de Privacidade e entenda a maneira como coletamos seus dados, para [&hellip;]<\/p>\n","protected":false},"author":1,"featured_media":0,"parent":0,"menu_order":0,"comment_status":"closed","ping_status":"closed","template":"","meta":{"_et_pb_use_builder":"","_et_pb_old_content":"","_et_gb_content_width":"","footnotes":""},"class_list":["post-1349","page","type-page","status-publish","hentry"],"_links":{"self":[{"href":"https:\/\/depositotortorella.com.br\/site\/wp-json\/wp\/v2\/pages\/1349","targetHints":{"allow":["GET"]}}],"collection":[{"href":"https:\/\/depositotortorella.com.br\/site\/wp-json\/wp\/v2\/pages"}],"about":[{"href":"https:\/\/depositotortorella.com.br\/site\/wp-json\/wp\/v2\/types\/page"}],"author":[{"embeddable":true,"href":"https:\/\/depositotortorella.com.br\/site\/wp-json\/wp\/v2\/users\/1"}],"replies":[{"embeddable":true,"href":"https:\/\/depositotortorella.com.br\/site\/wp-json\/wp\/v2\/comments?post=1349"}],"version-history":[{"count":3,"href":"https:\/\/depositotortorella.com.br\/site\/wp-json\/wp\/v2\/pages\/1349\/revisions"}],"predecessor-version":[{"id":1356,"href":"https:\/\/depositotortorella.com.br\/site\/wp-json\/wp\/v2\/pages\/1349\/revisions\/1356"}],"wp:attachment":[{"href":"https:\/\/depositotortorella.com.br\/site\/wp-json\/wp\/v2\/media?parent=1349"}],"curies":[{"name":"wp","href":"https:\/\/api.w.org\/{rel}","templated":true}]}}